{"id":305,"date":"2024-02-10T22:03:25","date_gmt":"2024-02-10T22:03:25","guid":{"rendered":"https:\/\/krispyfreeze.com\/?page_id=305"},"modified":"2024-02-24T07:23:55","modified_gmt":"2024-02-24T07:23:55","slug":"news","status":"publish","type":"page","link":"https:\/\/krispyfreeze.com\/en\/news\/","title":{"rendered":"News"},"content":{"rendered":"<p>[et_pb_section fb_built=&#8221;1&#8243; admin_label=&#8221;Header&#8221; _builder_version=&#8221;4.24.0&#8243; _module_preset=&#8221;default&#8221; use_background_color_gradient=&#8221;on&#8221; background_color_gradient_type=&#8221;circular&#8221; background_color_gradient_direction_radial=&#8221;bottom&#8221; background_color_gradient_stops=&#8221;gcid-64653083-5242-43fe-8dfb-3d72435526c0 0%|gcid-a2ad28b5-d28e-4d1e-9e4d-81a3653a5561 50%|#000000 100%&#8221; min_height=&#8221;550px&#8221; custom_margin=&#8221;||||false|true&#8221; custom_padding=&#8221;150px||120px||false|false&#8221; background_last_edited=&#8221;on|tablet&#8221; background_mask_aspect_ratio_tablet=&#8221;portrait&#8221; locked=&#8221;off&#8221; collapsed=&#8221;on&#8221; global_colors_info=&#8221;{%22gcid-64653083-5242-43fe-8dfb-3d72435526c0%22:%91%22background_color_gradient_stops%22%93}&#8221;][et_pb_row _builder_version=&#8221;4.24.2&#8243; _module_preset=&#8221;default&#8221; width=&#8221;90%&#8221; hover_enabled=&#8221;0&#8243; locked=&#8221;off&#8221; global_colors_info=&#8221;{}&#8221; custom_padding_last_edited=&#8221;on|phone&#8221; custom_padding_phone=&#8221;|25px||25px|false|false&#8221; sticky_enabled=&#8221;0&#8243;][et_pb_column type=&#8221;4_4&#8243; _builder_version=&#8221;4.21.0&#8243; _module_preset=&#8221;default&#8221; global_colors_info=&#8221;{}&#8221;][et_pb_text _builder_version=&#8221;4.24.0&#8243; _module_preset=&#8221;a8c7d83c-f17d-4668-bba7-3590ad2e7fe8&#8243; header_4_text_color=&#8221;gcid-b25270ff-80a4-43b3-b4f7-60812cb04374&#8243; text_orientation=&#8221;center&#8221; global_colors_info=&#8221;{%22gcid-b25270ff-80a4-43b3-b4f7-60812cb04374%22:%91%22header_4_text_color%22%93}&#8221;]<\/p>\n<h4>NEWS<\/h4>\n<p>[\/et_pb_text][et_pb_text _builder_version=&#8221;4.24.2&#8243; _module_preset=&#8221;9b5ca4c6-7609-4674-a020-2b95d793989d&#8221; header_font=&#8221;Doughy|700|||||||&#8221; header_text_color=&#8221;#FFFFFF&#8221; header_2_font=&#8221;Doughy||||||||&#8221; header_2_text_color=&#8221;#FFFFFF&#8221; header_2_font_size=&#8221;51px&#8221; text_orientation=&#8221;center&#8221; custom_margin=&#8221;||10px||false|false&#8221; hover_enabled=&#8221;0&#8243; global_colors_info=&#8221;{}&#8221; sticky_enabled=&#8221;0&#8243; content_last_edited=&#8221;on|phone&#8221; content_phone=&#8221;<\/p>\n<h2 style=%22font-size:30px;%22>\u00a1Estamos Haciendo y Siendo LA NOTICIA&#8230;!<\/h2>\n<p>&#8221; content_tablet=&#8221;<\/p>\n<h2 class=%22ql-heading%22 data-block-id=%22block-40597fc5-27ad-4345-bc9f-16ac3737b552%22>\u00a1Estamos Haciendo y Siendo LA NOTICIA&#8230;!<\/h2>\n<p>&#8220;]<\/p>\n<h2 class=\"ql-heading\" data-block-id=\"block-40597fc5-27ad-4345-bc9f-16ac3737b552\">\u00a1Estamos Haciendo y Siendo LA NOTICIA&#8230;!<\/h2>\n<p>[\/et_pb_text][et_pb_text _builder_version=&#8221;4.24.2&#8243; _module_preset=&#8221;9b5ca4c6-7609-4674-a020-2b95d793989d&#8221; text_font=&#8221;Poppins||||||||&#8221; text_text_color=&#8221;#FFFFFF&#8221; text_font_size=&#8221;15px&#8221; header_font=&#8221;Doughy|700|||||||&#8221; header_text_color=&#8221;#FFFFFF&#8221; header_2_font=&#8221;Doughy||||||||&#8221; header_2_text_color=&#8221;#FFFFFF&#8221; header_2_font_size=&#8221;51px&#8221; text_orientation=&#8221;center&#8221; custom_margin=&#8221;||10px||false|false&#8221; hover_enabled=&#8221;0&#8243; global_colors_info=&#8221;{}&#8221; sticky_enabled=&#8221;0&#8243;]<\/p>\n<p class=\"ql-heading\" data-block-id=\"block-55c464f0-bae2-47ce-b756-330395704cef\">Mantente al d\u00eda con las \u00faltimas innovaciones y acontecimientos en Krispy Freeze.<\/p>\n<p>[\/et_pb_text][\/et_pb_column][\/et_pb_row][\/et_pb_section][et_pb_section fb_built=&#8221;1&#8243; _builder_version=&#8221;4.24.0&#8243; _module_preset=&#8221;default&#8221; background_color=&#8221;#000000&#8243; background_image=&#8221;https:\/\/krispyfreeze.com\/wp-content\/uploads\/2023\/06\/streamer-70.png&#8221; background_size=&#8221;contain&#8221; global_colors_info=&#8221;{}&#8221;][et_pb_row _builder_version=&#8221;4.24.0&#8243; _module_preset=&#8221;default&#8221; global_colors_info=&#8221;{}&#8221;][et_pb_column type=&#8221;4_4&#8243; _builder_version=&#8221;4.24.0&#8243; _module_preset=&#8221;default&#8221; global_colors_info=&#8221;{}&#8221;][et_pb_text _builder_version=&#8221;4.24.2&#8243; _module_preset=&#8221;default&#8221; text_text_color=&#8221;#FFFFFF&#8221; header_4_font=&#8221;Poppins|300|||||||&#8221; header_4_text_align=&#8221;center&#8221; header_4_font_size=&#8221;26px&#8221; hover_enabled=&#8221;0&#8243; global_colors_info=&#8221;{}&#8221; content_last_edited=&#8221;on|phone&#8221; content_phone=&#8221;<\/p>\n<h4 class=%22ql-heading%22 data-block-id=%22block-33fb4659-ffca-43e5-8905-cc605ed6bfe2%22 style=%22text-align: center;%22><span style=%22color: #ffffff; font-size:20px;%22>Suscr\u00edbete con tu correo electr\u00f3nico para recibir actualizaciones directamente en tu bandeja de entrada y ser parte de nuestra comunidad comprometida con la nutrici\u00f3n sostenible y la innovaci\u00f3n alimentaria.<\/span><\/h4>\n<h4 class=%22ql-heading%22 data-block-id=%22block-beed17a8-6453-4fd0-8d70-8f224b29e828%22 style=%22text-align: center;%22><span style=%22color: #ffffff;%22><\/span><\/h4>\n<h4 class=%22ql-heading%22 data-block-id=%22block-beed17a8-6453-4fd0-8d70-8f224b29e828%22 style=%22text-align: center;%22><span style=%22color: #ffffff;%22><\/span><\/h4>\n<h4 class=%22ql-heading%22 data-block-id=%22block-beed17a8-6453-4fd0-8d70-8f224b29e828%22 style=%22text-align: center;%22><span style=%22color: #ffffff;%22><\/span><\/h4>\n<h4 class=%22ql-heading%22 data-block-id=%22block-beed17a8-6453-4fd0-8d70-8f224b29e828%22 style=%22text-align: center;%22><span style=%22color: #ffffff; font-size: 20px;%22>\u00a1No te pierdas ninguna novedad!<\/span><\/h4>\n<p><span style=%22color: #ffffff;%22><\/span><\/p>\n<p><span style=%22color: #ffffff;%22><\/span>&#8221; sticky_enabled=&#8221;0&#8243; content_tablet=&#8221;<\/p>\n<h4 class=%22ql-heading%22 data-block-id=%22block-33fb4659-ffca-43e5-8905-cc605ed6bfe2%22 style=%22text-align: center;%22><span style=%22color: #ffffff;%22>Suscr\u00edbete con tu correo electr\u00f3nico para recibir actualizaciones directamente en tu bandeja de entrada y ser parte de nuestra comunidad comprometida con la nutrici\u00f3n sostenible y la innovaci\u00f3n alimentaria.<\/span><\/h4>\n<h4 class=%22ql-heading%22 data-block-id=%22block-beed17a8-6453-4fd0-8d70-8f224b29e828%22 style=%22text-align: center;%22><span style=%22color: #ffffff;%22><\/span><\/h4>\n<h4 class=%22ql-heading%22 data-block-id=%22block-beed17a8-6453-4fd0-8d70-8f224b29e828%22 style=%22text-align: center;%22><span style=%22color: #ffffff;%22><\/span><\/h4>\n<h4 class=%22ql-heading%22 data-block-id=%22block-beed17a8-6453-4fd0-8d70-8f224b29e828%22 style=%22text-align: center;%22><span style=%22color: #ffffff;%22><\/span><\/h4>\n<h4 class=%22ql-heading%22 data-block-id=%22block-beed17a8-6453-4fd0-8d70-8f224b29e828%22 style=%22text-align: center;%22><span style=%22color: #ffffff;%22>\u00a1No te pierdas ninguna novedad!<\/span><\/h4>\n<p><span style=%22color: #ffffff;%22><\/span><\/p>\n<p><span style=%22color: #ffffff;%22><\/span><\/p>\n<p>&#8220;]<\/p>\n<h4 class=\"ql-heading\" data-block-id=\"block-33fb4659-ffca-43e5-8905-cc605ed6bfe2\" style=\"text-align: center;\"><span style=\"color: #ffffff;\">Suscr\u00edbete con tu correo electr\u00f3nico para recibir actualizaciones directamente en tu bandeja de entrada y ser parte de nuestra comunidad comprometida con la nutrici\u00f3n sostenible y la innovaci\u00f3n alimentaria.<\/span><\/h4>\n<h4 class=\"ql-heading\" data-block-id=\"block-beed17a8-6453-4fd0-8d70-8f224b29e828\" style=\"text-align: center;\"><span style=\"color: #ffffff;\"><\/span><\/h4>\n<h4 class=\"ql-heading\" data-block-id=\"block-beed17a8-6453-4fd0-8d70-8f224b29e828\" style=\"text-align: center;\"><span style=\"color: #ffffff;\"><\/span><\/h4>\n<h4 class=\"ql-heading\" data-block-id=\"block-beed17a8-6453-4fd0-8d70-8f224b29e828\" style=\"text-align: center;\"><span style=\"color: #ffffff;\"><\/span><\/h4>\n<h4 class=\"ql-heading\" data-block-id=\"block-beed17a8-6453-4fd0-8d70-8f224b29e828\" style=\"text-align: center;\"><span style=\"color: #ffffff;\">\u00a1No te pierdas ninguna novedad!<\/span><\/h4>\n<p><span style=\"color: #ffffff;\"><\/span><\/p>\n<p><span style=\"color: #ffffff;\"><\/span><\/p>\n<p>[\/et_pb_text][\/et_pb_column][\/et_pb_row][et_pb_row _builder_version=&#8221;4.21.0&#8243; _module_preset=&#8221;default&#8221; global_colors_info=&#8221;{}&#8221;][et_pb_column type=&#8221;4_4&#8243; _builder_version=&#8221;4.21.0&#8243; _module_preset=&#8221;default&#8221; global_colors_info=&#8221;{}&#8221;][et_pb_text _builder_version=&#8221;4.24.0&#8243; _module_preset=&#8221;75ca5887-5667-4da0-a710-72e60aad6ea5&#8243; text_text_color=&#8221;#FFFFFF&#8221; text_font_size=&#8221;20px&#8221; header_3_font=&#8221;Lemon mil Light||||||||&#8221; header_3_font_size=&#8221;44px&#8221; global_colors_info=&#8221;{}&#8221;]<\/p>\n<h2 class=\"ql-heading ql-align-center\" data-block-id=\"block-022875b8-87c0-4ada-8fcb-0ca5d8fe53ee\" style=\"text-align: center;\"><span style=\"color: #ffffff;\">AS SEEN ON<\/span><\/h2>\n<p>[\/et_pb_text][bck_floating_image _builder_version=&#8221;4.24.0&#8243; _module_preset=&#8221;default&#8221; transform_scale=&#8221;68%|68%&#8221; transform_scale_linked=&#8221;off&#8221; transform_translate=&#8221;0px|-50px&#8221; transform_translate_linked=&#8221;off&#8221; global_colors_info=&#8221;{}&#8221;][bck_floating_image_child image=&#8221;https:\/\/krispyfreeze.com\/wp-content\/uploads\/2024\/02\/fobersBlanco.png&#8221; item_width=&#8221;500px&#8221; offset_x=&#8221;25%&#8221; item_width_tablet=&#8221;500px&#8221; item_width_phone=&#8221;270px&#8221; item_width_last_edited=&#8221;on|phone&#8221; offset_x_tablet=&#8221;25%&#8221; offset_x_phone=&#8221;12%&#8221; offset_x_last_edited=&#8221;on|phone&#8221; _builder_version=&#8221;4.24.0&#8243; _module_preset=&#8221;default&#8221; global_colors_info=&#8221;{}&#8221;][\/bck_floating_image_child][\/bck_floating_image][\/et_pb_column][\/et_pb_row][\/et_pb_section][et_pb_section fb_built=&#8221;1&#8243; admin_label=&#8221;Footer CTA&#8221; _builder_version=&#8221;4.24.0&#8243; _module_preset=&#8221;default&#8221; background_image=&#8221;https:\/\/krispyfreeze.com\/wp-content\/uploads\/2023\/06\/streamer-79.png&#8221; background_size=&#8221;contain&#8221; z_index=&#8221;1&#8243; saved_tabs=&#8221;all&#8221; collapsed=&#8221;on&#8221; global_colors_info=&#8221;{}&#8221;][et_pb_row use_custom_gutter=&#8221;on&#8221; make_equal=&#8221;on&#8221; custom_padding_last_edited=&#8221;on|desktop&#8221; _builder_version=&#8221;4.21.0&#8243; _module_preset=&#8221;default&#8221; use_background_color_gradient=&#8221;on&#8221; background_color_gradient_stops=&#8221;gcid-05959b20-5052-4306-928c-1caa44cf406e 0%|#ffffff 65%&#8221; custom_margin=&#8221;||-128px||false|false&#8221; custom_padding=&#8221;60px|60px|60px|60px|true|true&#8221; custom_padding_tablet=&#8221;30px|30px|30px|30px|true|true&#8221; custom_padding_phone=&#8221;20px|20px|20px|20px|true|true&#8221; border_radii=&#8221;on|10px|10px|10px|10px&#8221; locked=&#8221;off&#8221; global_colors_info=&#8221;{%22gcid-b25270ff-80a4-43b3-b4f7-60812cb04374%22:%91%22arrows_custom_color%22,%22dot_nav_custom_color%22%93,%22gcid-815ebb39-646b-4c9a-a3e8-ce9c4b7f9e47%22:%91%22form_field_text_color%22,%22border_color_all%22,%22border_color_all_fields%22,%22header_text_color%22,%22body_text_color%22,%22meta_text_color%22%93,%22gcid-05959b20-5052-4306-928c-1caa44cf406e%22:%91%22background_color_gradient_stops%22%93}&#8221;][et_pb_column type=&#8221;4_4&#8243; _builder_version=&#8221;4.21.0&#8243; _module_preset=&#8221;default&#8221; custom_padding_tablet=&#8221;30px|30px|30px|30px|true|true&#8221; custom_padding_phone=&#8221;20px|20px|20px|20px|true|true&#8221; custom_padding_last_edited=&#8221;off|desktop&#8221; global_colors_info=&#8221;{%22gcid-b25270ff-80a4-43b3-b4f7-60812cb04374%22:%91%22arrows_custom_color%22,%22dot_nav_custom_color%22%93,%22gcid-815ebb39-646b-4c9a-a3e8-ce9c4b7f9e47%22:%91%22form_field_text_color%22,%22border_color_all%22,%22border_color_all_fields%22,%22header_text_color%22,%22body_text_color%22,%22meta_text_color%22%93,%22gcid-05959b20-5052-4306-928c-1caa44cf406e%22:%91%22background_color_gradient_stops%22%93}&#8221;][et_pb_text _builder_version=&#8221;4.24.0&#8243; _module_preset=&#8221;a8c7d83c-f17d-4668-bba7-3590ad2e7fe8&#8243; header_4_text_color=&#8221;gcid-b25270ff-80a4-43b3-b4f7-60812cb04374&#8243; global_colors_info=&#8221;{%22gcid-b25270ff-80a4-43b3-b4f7-60812cb04374%22:%91%22header_4_text_color%22%93}&#8221;]<\/p>\n<h4 class=\"ql-heading\" data-block-id=\"block-c5b3adb2-f502-495c-a5ce-771eab5037dd\" style=\"text-align: center;\"><strong>PR\u00d3XIMAMENTE&#8230;<\/strong><\/h4>\n<p>[\/et_pb_text][et_pb_text _builder_version=&#8221;4.24.0&#8243; _module_preset=&#8221;01272ef2-a2c6-4be7-b9de-8e847ca95471&#8243; global_colors_info=&#8221;{}&#8221;]<\/p>\n<h2 class=\"ql-heading\" data-block-id=\"block-1954a747-9c7c-4405-b666-9afd1c9ab71e\" style=\"text-align: center;\">\u00a1Coming Soon!<\/h2>\n<div class=\"ql-block\" data-block-id=\"block-cbea1c1b-efe8-46c0-9d29-ce08c654d55c\"><\/div>\n<p>[\/et_pb_text][et_pb_text _builder_version=&#8221;4.24.0&#8243; _module_preset=&#8221;ece9be4e-0486-4345-b4e5-652da3d3775c&#8221; text_text_color=&#8221;#000000&#8243; global_colors_info=&#8221;{}&#8221;]<\/p>\n<p style=\"text-align: center;\">Lanzamiento de <strong>Campa\u00f1a de Apoyo via Crowdfunding,<\/strong> estar atento a los pr\u00f3ximos detalle.<\/p>\n<p>[\/et_pb_text][\/et_pb_column][\/et_pb_row][\/et_pb_section][et_pb_section fb_built=&#8221;1&#8243; admin_label=&#8221;Footer Links&#8221; _builder_version=&#8221;4.21.0&#8243; _module_preset=&#8221;default&#8221; background_color=&#8221;gcid-815ebb39-646b-4c9a-a3e8-ce9c4b7f9e47&#8243; use_background_color_gradient=&#8221;on&#8221; background_color_gradient_type=&#8221;circular&#8221; background_color_gradient_direction_radial=&#8221;bottom left&#8221; background_color_gradient_stops=&#8221;gcid-64653083-5242-43fe-8dfb-3d72435526c0 0%|gcid-a2ad28b5-d28e-4d1e-9e4d-81a3653a5561 40%|#000000 100%&#8221; width=&#8221;80%&#8221; module_alignment=&#8221;center&#8221; custom_margin=&#8221;||60px||false|false&#8221; custom_padding=&#8221;120px||||false|false&#8221; background_last_edited=&#8221;on|tablet&#8221; border_radii=&#8221;on|20px|20px|20px|20px&#8221; saved_tabs=&#8221;all&#8221; collapsed=&#8221;on&#8221; global_colors_info=&#8221;{%22gcid-64653083-5242-43fe-8dfb-3d72435526c0%22:%91%22background_color_gradient_stops%22%93,%22gcid-815ebb39-646b-4c9a-a3e8-ce9c4b7f9e47%22:%91%22background_color%22%93,%22gcid-a2ad28b5-d28e-4d1e-9e4d-81a3653a5561%22:%91%22background_color_gradient_stops%22%93}&#8221;][et_pb_row _builder_version=&#8221;4.21.0&#8243; _module_preset=&#8221;default&#8221; global_colors_info=&#8221;{}&#8221;][et_pb_column type=&#8221;4_4&#8243; _builder_version=&#8221;4.21.0&#8243; _module_preset=&#8221;default&#8221; global_colors_info=&#8221;{}&#8221;][et_pb_text _builder_version=&#8221;4.24.2&#8243; _module_preset=&#8221;default&#8221; text_text_color=&#8221;#FFFFFF&#8221; text_font_size=&#8221;1px&#8221; hover_enabled=&#8221;0&#8243; global_colors_info=&#8221;{}&#8221; text_font_size_last_edited=&#8221;on|phone&#8221; text_font_size_phone=&#8221;12px&#8221; sticky_enabled=&#8221;0&#8243; text_font_size_tablet=&#8221;1px&#8221;]<\/p>\n<div class=\"ql-block ql-align-center\" data-block-id=\"block-16cea0d3-05ab-48bb-8882-16df5574b8ef\" style=\"text-align: center;\"><strong>Krispy Freeze<\/strong> \u00a9 2024, All Rights Reserved.<\/div>\n<div class=\"ql-block ql-align-center\" data-block-id=\"block-680bebc4-ec2f-4c5b-8395-3b5d717f61e3\" style=\"text-align: center;\">Para MEDIOS DE COMUNICACI\u00d3N y PRENSA, cont\u00e1ctanos <a class=\"ql-link\" href=\"https:\/\/krispyfreeze.com\/formulario\" rel=\"noopener noreferrer\" target=\"_blank\">aqu\u00ed<\/a>.<\/div>\n<p>[\/et_pb_text][\/et_pb_column][\/et_pb_row][\/et_pb_section][et_pb_section fb_built=&#8221;1&#8243; _builder_version=&#8221;4.24.0&#8243; _module_preset=&#8221;default&#8221; global_colors_info=&#8221;{}&#8221;][\/et_pb_section]<\/p>\n","protected":false},"excerpt":{"rendered":"<p>NEWS\u00a1Estamos Haciendo y Siendo LA NOTICIA&#8230;!Mantente al d\u00eda con las \u00faltimas innovaciones y acontecimientos en Krispy Freeze.Suscr\u00edbete con tu correo electr\u00f3nico para recibir actualizaciones directamente en tu bandeja de entrada y ser parte de nuestra comunidad comprometida con la nutrici\u00f3n sostenible y la innovaci\u00f3n alimentaria. \u00a1No te pierdas ninguna novedad! AS SEEN ON<div class=\"et_pb_module bck_floating_image bck_floating_image_0\">\n\t\t\t\t\n\t\t\t\t\n\t\t\t\t\n\t\t\t\t\n\t\t\t\t\n\t\t\t\t\n\t\t\t\t<div class=\"et_pb_module_inner\">\n\t\t\t\t\t<div class=\"bck-module bck-parent bck-floating-image\">\r\n\t\t\t\t\r\n\t\t\t\t<div class=\"bck_floating_image_child bck_floating_image_child_0 bck_et_pb_module\">\n\t\t\t\t\n\t\t\t\t\n\t\t\t\t\n\t\t\t\t\n\t\t\t\t\n\t\t\t\t\n\t\t\t\t<div class=\"et_pb_module_inner\">\n\t\t\t\t\t<div class=\"bck-module bck-child bck-floating-image-item\">\r\n\t\t\t\t<style>@keyframes bck-float-0 {\r\n\t\t\t\t0% {\r\n\t\t\t\t\ttransform: translateX(0px) translateY(-15px) rotateX(0deg) rotateY(0deg) rotateZ(0deg) scale(1);\r\n\t\t\t\t}\r\n\t\t\t\t100% {\r\n\t\t\t\t\ttransform: translateX(0px) translateY(15px) rotateX(0deg) rotateY(0deg) rotateZ(0deg) scale(1);\r\n\t\t\t\t}\r\n\t\t\t}<\/style>\r\n                <img decoding=\"async\" src=\"https:\/\/krispyfreeze.com\/wp-content\/uploads\/2024\/02\/fobersBlanco.png\" alt=\"\"\/>\r\n            <\/div>\n\t\t\t\t<\/div>\n\t\t\t<\/div>\r\n            <\/div>\n\t\t\t\t<\/div>\n\t\t\t<\/div>PR\u00d3XIMAMENTE&#8230;\u00a1Coming Soon! Lanzamiento de Campa\u00f1a de Apoyo via Crowdfunding, estar atento a los pr\u00f3ximos detalle.Krispy Freeze \u00a9 2024, All Rights Reserved. Para MEDIOS DE COMUNICACI\u00d3N y PRENSA, cont\u00e1ctanos aqu\u00ed.<\/p>","protected":false},"author":1,"featured_media":0,"parent":0,"menu_order":0,"comment_status":"closed","ping_status":"closed","template":"","meta":{"_et_pb_use_builder":"on","_et_pb_old_content":"","_et_gb_content_width":"","om_disable_all_campaigns":false,"footnotes":""},"class_list":["post-305","page","type-page","status-publish","hentry"],"yoast_head":"<!-- This site is optimized with the Yoast SEO plugin v27.1.1 - https:\/\/yoast.com\/product\/yoast-seo-wordpress\/ -->\n<title>News - Krispy Freeze<\/title>\n<meta name=\"robots\" content=\"index, follow, max-snippet:-1, max-image-preview:large, max-video-preview:-1\" \/>\n<link rel=\"canonical\" href=\"https:\/\/krispyfreeze.com\/en\/news\/\" \/>\n<meta property=\"og:locale\" content=\"en_US\" \/>\n<meta property=\"og:type\" content=\"article\" \/>\n<meta property=\"og:title\" content=\"News - Krispy Freeze\" \/>\n<meta property=\"og:description\" content=\"NEWS\u00a1Estamos Haciendo y Siendo LA NOTICIA...!Mantente al d\u00eda con las \u00faltimas innovaciones y acontecimientos en Krispy Freeze.Suscr\u00edbete con tu correo electr\u00f3nico para recibir actualizaciones directamente en tu bandeja de entrada y ser parte de nuestra comunidad comprometida con la nutrici\u00f3n sostenible y la innovaci\u00f3n alimentaria. \u00a1No te pierdas ninguna novedad! AS SEEN ONPR\u00d3XIMAMENTE...\u00a1Coming Soon! Lanzamiento de Campa\u00f1a de Apoyo via Crowdfunding, estar atento a los pr\u00f3ximos detalle.Krispy Freeze \u00a9 2024, All Rights Reserved. Para MEDIOS DE COMUNICACI\u00d3N y PRENSA, cont\u00e1ctanos aqu\u00ed.\" \/>\n<meta property=\"og:url\" content=\"https:\/\/krispyfreeze.com\/en\/news\/\" \/>\n<meta property=\"og:site_name\" content=\"Krispy Freeze\" \/>\n<meta property=\"article:modified_time\" content=\"2024-02-24T07:23:55+00:00\" \/>\n<meta name=\"twitter:card\" content=\"summary_large_image\" \/>\n<script type=\"application\/ld+json\" class=\"yoast-schema-graph\">{\"@context\":\"https:\/\/schema.org\",\"@graph\":[{\"@type\":\"WebPage\",\"@id\":\"https:\/\/krispyfreeze.com\/news\/\",\"url\":\"https:\/\/krispyfreeze.com\/news\/\",\"name\":\"News - Krispy Freeze\",\"isPartOf\":{\"@id\":\"https:\/\/krispyfreeze.com\/#website\"},\"datePublished\":\"2024-02-10T22:03:25+00:00\",\"dateModified\":\"2024-02-24T07:23:55+00:00\",\"breadcrumb\":{\"@id\":\"https:\/\/krispyfreeze.com\/news\/#breadcrumb\"},\"inLanguage\":\"en-US\",\"potentialAction\":[{\"@type\":\"ReadAction\",\"target\":[\"https:\/\/krispyfreeze.com\/news\/\"]}]},{\"@type\":\"BreadcrumbList\",\"@id\":\"https:\/\/krispyfreeze.com\/news\/#breadcrumb\",\"itemListElement\":[{\"@type\":\"ListItem\",\"position\":1,\"name\":\"Home\",\"item\":\"https:\/\/krispyfreeze.com\/\"},{\"@type\":\"ListItem\",\"position\":2,\"name\":\"News\"}]},{\"@type\":\"WebSite\",\"@id\":\"https:\/\/krispyfreeze.com\/#website\",\"url\":\"https:\/\/krispyfreeze.com\/\",\"name\":\"Krispy Freeze\",\"description\":\"La comida favorita de los Astronautas\",\"potentialAction\":[{\"@type\":\"SearchAction\",\"target\":{\"@type\":\"EntryPoint\",\"urlTemplate\":\"https:\/\/krispyfreeze.com\/?s={search_term_string}\"},\"query-input\":{\"@type\":\"PropertyValueSpecification\",\"valueRequired\":true,\"valueName\":\"search_term_string\"}}],\"inLanguage\":\"en-US\"}]}<\/script>\n<!-- \/ Yoast SEO plugin. -->","yoast_head_json":{"title":"News - Krispy Freeze","robots":{"index":"index","follow":"follow","max-snippet":"max-snippet:-1","max-image-preview":"max-image-preview:large","max-video-preview":"max-video-preview:-1"},"canonical":"https:\/\/krispyfreeze.com\/en\/news\/","og_locale":"en_US","og_type":"article","og_title":"News - Krispy Freeze","og_description":"NEWS\u00a1Estamos Haciendo y Siendo LA NOTICIA...!Mantente al d\u00eda con las \u00faltimas innovaciones y acontecimientos en Krispy Freeze.Suscr\u00edbete con tu correo electr\u00f3nico para recibir actualizaciones directamente en tu bandeja de entrada y ser parte de nuestra comunidad comprometida con la nutrici\u00f3n sostenible y la innovaci\u00f3n alimentaria. \u00a1No te pierdas ninguna novedad! AS SEEN ONPR\u00d3XIMAMENTE...\u00a1Coming Soon! Lanzamiento de Campa\u00f1a de Apoyo via Crowdfunding, estar atento a los pr\u00f3ximos detalle.Krispy Freeze \u00a9 2024, All Rights Reserved. Para MEDIOS DE COMUNICACI\u00d3N y PRENSA, cont\u00e1ctanos aqu\u00ed.","og_url":"https:\/\/krispyfreeze.com\/en\/news\/","og_site_name":"Krispy Freeze","article_modified_time":"2024-02-24T07:23:55+00:00","twitter_card":"summary_large_image","schema":{"@context":"https:\/\/schema.org","@graph":[{"@type":"WebPage","@id":"https:\/\/krispyfreeze.com\/news\/","url":"https:\/\/krispyfreeze.com\/news\/","name":"News - Krispy Freeze","isPartOf":{"@id":"https:\/\/krispyfreeze.com\/#website"},"datePublished":"2024-02-10T22:03:25+00:00","dateModified":"2024-02-24T07:23:55+00:00","breadcrumb":{"@id":"https:\/\/krispyfreeze.com\/news\/#breadcrumb"},"inLanguage":"en-US","potentialAction":[{"@type":"ReadAction","target":["https:\/\/krispyfreeze.com\/news\/"]}]},{"@type":"BreadcrumbList","@id":"https:\/\/krispyfreeze.com\/news\/#breadcrumb","itemListElement":[{"@type":"ListItem","position":1,"name":"Home","item":"https:\/\/krispyfreeze.com\/"},{"@type":"ListItem","position":2,"name":"News"}]},{"@type":"WebSite","@id":"https:\/\/krispyfreeze.com\/#website","url":"https:\/\/krispyfreeze.com\/","name":"Krispy Freeze","description":"Astronauts' favorite food","potentialAction":[{"@type":"SearchAction","target":{"@type":"EntryPoint","urlTemplate":"https:\/\/krispyfreeze.com\/?s={search_term_string}"},"query-input":{"@type":"PropertyValueSpecification","valueRequired":true,"valueName":"search_term_string"}}],"inLanguage":"en-US"}]}},"jetpack_sharing_enabled":true,"_links":{"self":[{"href":"https:\/\/krispyfreeze.com\/en\/wp-json\/wp\/v2\/pages\/305","targetHints":{"allow":["GET"]}}],"collection":[{"href":"https:\/\/krispyfreeze.com\/en\/wp-json\/wp\/v2\/pages"}],"about":[{"href":"https:\/\/krispyfreeze.com\/en\/wp-json\/wp\/v2\/types\/page"}],"author":[{"embeddable":true,"href":"https:\/\/krispyfreeze.com\/en\/wp-json\/wp\/v2\/users\/1"}],"replies":[{"embeddable":true,"href":"https:\/\/krispyfreeze.com\/en\/wp-json\/wp\/v2\/comments?post=305"}],"version-history":[{"count":0,"href":"https:\/\/krispyfreeze.com\/en\/wp-json\/wp\/v2\/pages\/305\/revisions"}],"wp:attachment":[{"href":"https:\/\/krispyfreeze.com\/en\/wp-json\/wp\/v2\/media?parent=305"}],"curies":[{"name":"wp","href":"https:\/\/api.w.org\/{rel}","templated":true}]}}